{"id":1144,"date":"2026-01-04T18:04:32","date_gmt":"2026-01-04T17:04:32","guid":{"rendered":"https:\/\/la-boulange.com\/?page_id=1144"},"modified":"2026-02-25T21:13:31","modified_gmt":"2026-02-25T20:13:31","slug":"epiphanie","status":"publish","type":"page","link":"https:\/\/la-boulange.com\/index.php\/epiphanie\/","title":{"rendered":"\u00c9piphanie"},"content":{"rendered":"\t\t<div data-elementor-type=\"wp-page\" data-elementor-id=\"1144\" class=\"elementor elementor-1144\">\n\t\t\t\t<div class=\"elementor-element elementor-element-a238a6c e-grid e-con-boxed e-con e-parent\" data-id=\"a238a6c\" data-element_type=\"container\" data-e-type=\"container\">\n\t\t\t\t\t<div class=\"e-con-inner\">\n\t\t\t\t<div class=\"elementor-element elementor-element-62237b5 elementor-position-left elementor-vertical-align-middle elementor-widget elementor-widget-image-box\" data-id=\"62237b5\" data-element_type=\"widget\" data-e-type=\"widget\" data-widget_type=\"image-box.default\">\n\t\t\t\t<div class=\"elementor-widget-container\">\n\t\t\t\t\t<div class=\"elementor-image-box-wrapper\"><figure class=\"elementor-image-box-img\"><img fetchpriority=\"high\" decoding=\"async\" width=\"300\" height=\"300\" src=\"https:\/\/la-boulange.com\/wp-content\/uploads\/2026\/01\/galettes.png\" class=\"attachment-medium size-medium wp-image-1146\" alt=\"\" srcset=\"https:\/\/la-boulange.com\/wp-content\/uploads\/2026\/01\/galettes.png 300w, https:\/\/la-boulange.com\/wp-content\/uploads\/2026\/01\/galettes-150x150.png 150w, https:\/\/la-boulange.com\/wp-content\/uploads\/2026\/01\/galettes-100x100.png 100w\" sizes=\"(max-width: 300px) 100vw, 300px\" \/><\/figure><div class=\"elementor-image-box-content\"><h3 class=\"elementor-image-box-title\">Ceci est le titre<\/h3><p class=\"elementor-image-box-description\">Notre s\u00e9lection de galettes faites maison par notre ma\u00eetre artisan : \u00e0 la Frangipane, aux Pommes avec morceaux et \u00e0 la Poire-Miel-Chocolat.<\/p><\/div><\/div>\t\t\t\t<\/div>\n\t\t\t\t<\/div>\n\t\t\t\t\t<\/div>\n\t\t\t\t<\/div>\n\t\t<div class=\"elementor-element elementor-element-7ac7ad2 e-flex e-con-boxed e-con e-parent\" data-id=\"7ac7ad2\" data-element_type=\"container\" data-e-type=\"container\">\n\t\t\t\t\t<div class=\"e-con-inner\">\n\t\t<div class=\"elementor-element elementor-element-bbee30f e-con-full e-flex e-con e-child\" data-id=\"bbee30f\" data-element_type=\"container\" data-e-type=\"container\">\n\t\t\t\t<div class=\"elementor-element elementor-element-1fd57a0 elementor-position-left elementor-vertical-align-middle elementor-widget elementor-widget-image-box\" data-id=\"1fd57a0\" data-element_type=\"widget\" data-e-type=\"widget\" data-widget_type=\"image-box.default\">\n\t\t\t\t<div class=\"elementor-widget-container\">\n\t\t\t\t\t<div class=\"elementor-image-box-wrapper\"><figure class=\"elementor-image-box-img\"><img decoding=\"async\" width=\"600\" height=\"600\" src=\"https:\/\/la-boulange.com\/wp-content\/uploads\/2026\/01\/jurassic-world-logo.png\" class=\"attachment-full size-full wp-image-1148\" alt=\"\" srcset=\"https:\/\/la-boulange.com\/wp-content\/uploads\/2026\/01\/jurassic-world-logo.png 600w, https:\/\/la-boulange.com\/wp-content\/uploads\/2026\/01\/jurassic-world-logo-300x300.png 300w, https:\/\/la-boulange.com\/wp-content\/uploads\/2026\/01\/jurassic-world-logo-150x150.png 150w, https:\/\/la-boulange.com\/wp-content\/uploads\/2026\/01\/jurassic-world-logo-324x324.png 324w, https:\/\/la-boulange.com\/wp-content\/uploads\/2026\/01\/jurassic-world-logo-416x416.png 416w, https:\/\/la-boulange.com\/wp-content\/uploads\/2026\/01\/jurassic-world-logo-100x100.png 100w\" sizes=\"(max-width: 600px) 100vw, 600px\" \/><\/figure><div class=\"elementor-image-box-content\"><h3 class=\"elementor-image-box-title\">Ceci est le titre<\/h3><p class=\"elementor-image-box-description\">Pour le collectionneurs de f\u00e8ves, les collections Jurassic Word et DC Comics sont disponibles au magasin.<\/p><\/div><\/div>\t\t\t\t<\/div>\n\t\t\t\t<\/div>\n\t\t\t\t<\/div>\n\t\t<div class=\"elementor-element elementor-element-fc96767 e-con-full e-flex e-con e-child\" data-id=\"fc96767\" data-element_type=\"container\" data-e-type=\"container\">\n\t\t\t\t<div class=\"elementor-element elementor-element-5ec05a3 elementor-arrows-position-outside elementor-pagination-position-outside elementor-widget elementor-widget-image-carousel\" data-id=\"5ec05a3\" data-element_type=\"widget\" data-e-type=\"widget\" data-settings=\"{&quot;slides_to_show&quot;:&quot;2&quot;,&quot;slides_to_scroll&quot;:&quot;2&quot;,&quot;navigation&quot;:&quot;both&quot;,&quot;autoplay&quot;:&quot;yes&quot;,&quot;pause_on_hover&quot;:&quot;yes&quot;,&quot;pause_on_interaction&quot;:&quot;yes&quot;,&quot;autoplay_speed&quot;:5000,&quot;infinite&quot;:&quot;yes&quot;,&quot;speed&quot;:500}\" data-widget_type=\"image-carousel.default\">\n\t\t\t\t<div class=\"elementor-widget-container\">\n\t\t\t\t\t\t\t<div class=\"elementor-image-carousel-wrapper swiper\" role=\"region\" aria-roledescription=\"carousel\" aria-label=\"Carrousel d\u2019images\" dir=\"ltr\">\n\t\t\t<div class=\"elementor-image-carousel swiper-wrapper\" aria-live=\"off\">\n\t\t\t\t\t\t\t\t<div class=\"swiper-slide\" role=\"group\" aria-roledescription=\"slide\" aria-label=\"1 sur 2\"><a data-elementor-open-lightbox=\"yes\" data-elementor-lightbox-slideshow=\"5ec05a3\" data-elementor-lightbox-title=\"feves_dc_comics\" data-e-action-hash=\"#elementor-action%3Aaction%3Dlightbox%26settings%3DeyJpZCI6MTE1NywidXJsIjoiaHR0cHM6XC9cL2xhLWJvdWxhbmdlLmNvbVwvd3AtY29udGVudFwvdXBsb2Fkc1wvMjAyNlwvMDFcL2ZldmVzX2RjX2NvbWljcy5qcGciLCJzbGlkZXNob3ciOiI1ZWMwNWEzIn0%3D\" href=\"https:\/\/la-boulange.com\/wp-content\/uploads\/2026\/01\/feves_dc_comics.jpg\"><figure class=\"swiper-slide-inner\"><img decoding=\"async\" class=\"swiper-slide-image\" src=\"https:\/\/la-boulange.com\/wp-content\/uploads\/2026\/01\/feves_dc_comics-150x150.jpg\" alt=\"feves_dc_comics\" \/><\/figure><\/a><\/div><div class=\"swiper-slide\" role=\"group\" aria-roledescription=\"slide\" aria-label=\"2 sur 2\"><a data-elementor-open-lightbox=\"yes\" data-elementor-lightbox-slideshow=\"5ec05a3\" data-elementor-lightbox-title=\"feves_jurassic\" data-e-action-hash=\"#elementor-action%3Aaction%3Dlightbox%26settings%3DeyJpZCI6MTE1OCwidXJsIjoiaHR0cHM6XC9cL2xhLWJvdWxhbmdlLmNvbVwvd3AtY29udGVudFwvdXBsb2Fkc1wvMjAyNlwvMDFcL2ZldmVzX2p1cmFzc2ljLmpwZyIsInNsaWRlc2hvdyI6IjVlYzA1YTMifQ%3D%3D\" href=\"https:\/\/la-boulange.com\/wp-content\/uploads\/2026\/01\/feves_jurassic.jpg\"><figure class=\"swiper-slide-inner\"><img decoding=\"async\" class=\"swiper-slide-image\" src=\"https:\/\/la-boulange.com\/wp-content\/uploads\/2026\/01\/feves_jurassic-150x150.jpg\" alt=\"feves_jurassic\" \/><\/figure><\/a><\/div>\t\t\t<\/div>\n\t\t\t\t\t\t\t\t\t\t\t\t<div class=\"elementor-swiper-button elementor-swiper-button-prev\" role=\"button\" tabindex=\"0\">\n\t\t\t\t\t\t<svg aria-hidden=\"true\" class=\"e-font-icon-svg e-eicon-chevron-left\" viewBox=\"0 0 1000 1000\" xmlns=\"http:\/\/www.w3.org\/2000\/svg\"><path d=\"M646 125C629 125 613 133 604 142L308 442C296 454 292 471 292 487 292 504 296 521 308 533L604 854C617 867 629 875 646 875 663 875 679 871 692 858 704 846 713 829 713 812 713 796 708 779 692 767L438 487 692 225C700 217 708 204 708 187 708 171 704 154 692 142 675 129 663 125 646 125Z\"><\/path><\/svg>\t\t\t\t\t<\/div>\n\t\t\t\t\t<div class=\"elementor-swiper-button elementor-swiper-button-next\" role=\"button\" tabindex=\"0\">\n\t\t\t\t\t\t<svg aria-hidden=\"true\" class=\"e-font-icon-svg e-eicon-chevron-right\" viewBox=\"0 0 1000 1000\" xmlns=\"http:\/\/www.w3.org\/2000\/svg\"><path d=\"M696 533C708 521 713 504 713 487 713 471 708 454 696 446L400 146C388 133 375 125 354 125 338 125 325 129 313 142 300 154 292 171 292 187 292 204 296 221 308 233L563 492 304 771C292 783 288 800 288 817 288 833 296 850 308 863 321 871 338 875 354 875 371 875 388 867 400 854L696 533Z\"><\/path><\/svg>\t\t\t\t\t<\/div>\n\t\t\t\t\n\t\t\t\t\t\t\t\t\t<div class=\"swiper-pagination\"><\/div>\n\t\t\t\t\t\t\t\t\t<\/div>\n\t\t\t\t\t\t<\/div>\n\t\t\t\t<\/div>\n\t\t\t\t<\/div>\n\t\t\t\t\t<\/div>\n\t\t\t\t<\/div>\n\t\t<div class=\"elementor-element elementor-element-b867a75 e-flex e-con-boxed e-con e-parent\" data-id=\"b867a75\" data-element_type=\"container\" data-e-type=\"container\">\n\t\t\t\t\t<div class=\"e-con-inner\">\n\t\t\t\t<div class=\"elementor-element elementor-element-26a3754 elementor-position-left elementor-vertical-align-middle elementor-widget elementor-widget-image-box\" data-id=\"26a3754\" data-element_type=\"widget\" data-e-type=\"widget\" data-widget_type=\"image-box.default\">\n\t\t\t\t<div class=\"elementor-widget-container\">\n\t\t\t\t\t<div class=\"elementor-image-box-wrapper\"><figure class=\"elementor-image-box-img\"><img decoding=\"async\" width=\"189\" height=\"267\" src=\"https:\/\/la-boulange.com\/wp-content\/uploads\/2026\/01\/galette-pompiers.jpg\" class=\"attachment-full size-full wp-image-1147\" alt=\"\" \/><\/figure><div class=\"elementor-image-box-content\"><h3 class=\"elementor-image-box-title\">Ceci est le titre<\/h3><p class=\"elementor-image-box-description\">Comme l'ann\u00e9e derni\u00e8re, nous nous associons aux pompiers de Querrien en reversant 1\u20ac par galettes vendues, au profit de l'ODP (Oeuvre des Pupilles des Sapeurs Pompiers).<br>De plus, une f\u00e8ve sp\u00e9ciale (ODP) permettra de gagner un stage de secourisme avec le corps des sapeurs pompiers.<br>Venez nombreux participer, c'est pour la bonne cause.<\/p><\/div><\/div>\t\t\t\t<\/div>\n\t\t\t\t<\/div>\n\t\t\t\t\t<\/div>\n\t\t\t\t<\/div>\n\t\t\t\t<\/div>\n\t\t","protected":false},"excerpt":{"rendered":"<p>Ceci est le titre Notre s\u00e9lection de galettes faites maison par notre ma\u00eetre artisan : \u00e0 la Frangipane, aux Pommes avec morceaux et \u00e0 la Poire-Miel-Chocolat. Ceci est le titre Pour le collectionneurs de f\u00e8ves, les collections Jurassic Word et DC Comics sont disponibles au magasin. Ceci est le titre Comme l&rsquo;ann\u00e9e derni\u00e8re, nous nous [&hellip;]<\/p>\n","protected":false},"author":1,"featured_media":0,"parent":0,"menu_order":0,"comment_status":"closed","ping_status":"closed","template":"","meta":{"footnotes":""},"class_list":["post-1144","page","type-page","status-publish","hentry"],"jetpack_sharing_enabled":true,"_links":{"self":[{"href":"https:\/\/la-boulange.com\/index.php\/wp-json\/wp\/v2\/pages\/1144","targetHints":{"allow":["GET"]}}],"collection":[{"href":"https:\/\/la-boulange.com\/index.php\/wp-json\/wp\/v2\/pages"}],"about":[{"href":"https:\/\/la-boulange.com\/index.php\/wp-json\/wp\/v2\/types\/page"}],"author":[{"embeddable":true,"href":"https:\/\/la-boulange.com\/index.php\/wp-json\/wp\/v2\/users\/1"}],"replies":[{"embeddable":true,"href":"https:\/\/la-boulange.com\/index.php\/wp-json\/wp\/v2\/comments?post=1144"}],"version-history":[{"count":22,"href":"https:\/\/la-boulange.com\/index.php\/wp-json\/wp\/v2\/pages\/1144\/revisions"}],"predecessor-version":[{"id":1177,"href":"https:\/\/la-boulange.com\/index.php\/wp-json\/wp\/v2\/pages\/1144\/revisions\/1177"}],"wp:attachment":[{"href":"https:\/\/la-boulange.com\/index.php\/wp-json\/wp\/v2\/media?parent=1144"}],"curies":[{"name":"wp","href":"https:\/\/api.w.org\/{rel}","templated":true}]}}