{"id":1188,"date":"2026-04-19T11:36:37","date_gmt":"2026-04-19T09:36:37","guid":{"rendered":"https:\/\/la-boulange.com\/?page_id=1188"},"modified":"2026-04-19T11:40:02","modified_gmt":"2026-04-19T09:40:02","slug":"mentions-legales","status":"publish","type":"page","link":"https:\/\/la-boulange.com\/index.php\/mentions-legales\/","title":{"rendered":"Mentions L\u00e9gales"},"content":{"rendered":"\n<p>En vertu de l\u2019article 6 de la loi n\u00b0 2004-575 du 21 juin 2004 pour la confiance dans l\u2019\u00e9conomie num\u00e9rique, il est pr\u00e9cis\u00e9 aux utilisateurs du site la-boulange.com l\u2019identit\u00e9 des diff\u00e9rents intervenants dans le cadre de sa r\u00e9alisation et de son suivi :<\/p>\n\n\n\n<div class=\"wp-block-columns is-layout-flex wp-container-core-columns-is-layout-28f84493 wp-block-columns-is-layout-flex\">\n<div class=\"wp-block-column is-layout-flow wp-block-column-is-layout-flow\">\n<p><strong><u>\u00c9diteur et directeur de publication :<\/u><\/strong><br>LA BOULANGE<br><strong>Si\u00e8ge social :<\/strong><br>318, rue de Quimperl\u00e9<br>29310 QUERRIEN<br><strong>T\u00e9l. :<\/strong>&nbsp;09 55 34 53 70\u200b<br><strong>Siret :<\/strong>&nbsp;43975043100025<\/p>\n<\/div>\n\n\n\n<div class=\"wp-block-column is-layout-flow wp-block-column-is-layout-flow\">\n<p><strong><u>R\u00e9alisation :<\/u><\/strong><br>PR-DESIGN<br><strong>Si\u00e8ge social :<\/strong><br>2, Le Lijou<br>56320 Lanvenegen<br><strong>T\u00e9l. :<\/strong>&nbsp;06.31.83.72.54<br><strong>Siret :<\/strong>&nbsp;517 862 967 00141<\/p>\n<\/div>\n\n\n\n<div class=\"wp-block-column is-layout-flow wp-block-column-is-layout-flow\">\n<p><strong><u>H\u00e9bergement :<\/u><\/strong><br>OVH<br><strong>Si\u00e8ge social :<\/strong><br>2 rue Kellermann<br>59100 Roubaix &#8211; France<br><strong>Siret :&nbsp;<\/strong>424 761 419 00045<\/p>\n<\/div>\n<\/div>\n\n\n\n<p><\/p>\n","protected":false},"excerpt":{"rendered":"<p>En vertu de l\u2019article 6 de la loi n\u00b0 2004-575 du 21 juin 2004 pour la confiance dans l\u2019\u00e9conomie num\u00e9rique, il est pr\u00e9cis\u00e9 aux utilisateurs du site la-boulange.com l\u2019identit\u00e9 des diff\u00e9rents intervenants dans le cadre de sa r\u00e9alisation et de son suivi : \u00c9diteur et directeur de publication :LA BOULANGESi\u00e8ge social :318, rue de Quimperl\u00e929310 [&hellip;]<\/p>\n","protected":false},"author":1,"featured_media":0,"parent":0,"menu_order":0,"comment_status":"closed","ping_status":"closed","template":"","meta":{"footnotes":""},"class_list":["post-1188","page","type-page","status-publish","hentry"],"jetpack_sharing_enabled":true,"_links":{"self":[{"href":"https:\/\/la-boulange.com\/index.php\/wp-json\/wp\/v2\/pages\/1188","targetHints":{"allow":["GET"]}}],"collection":[{"href":"https:\/\/la-boulange.com\/index.php\/wp-json\/wp\/v2\/pages"}],"about":[{"href":"https:\/\/la-boulange.com\/index.php\/wp-json\/wp\/v2\/types\/page"}],"author":[{"embeddable":true,"href":"https:\/\/la-boulange.com\/index.php\/wp-json\/wp\/v2\/users\/1"}],"replies":[{"embeddable":true,"href":"https:\/\/la-boulange.com\/index.php\/wp-json\/wp\/v2\/comments?post=1188"}],"version-history":[{"count":3,"href":"https:\/\/la-boulange.com\/index.php\/wp-json\/wp\/v2\/pages\/1188\/revisions"}],"predecessor-version":[{"id":1191,"href":"https:\/\/la-boulange.com\/index.php\/wp-json\/wp\/v2\/pages\/1188\/revisions\/1191"}],"wp:attachment":[{"href":"https:\/\/la-boulange.com\/index.php\/wp-json\/wp\/v2\/media?parent=1188"}],"curies":[{"name":"wp","href":"https:\/\/api.w.org\/{rel}","templated":true}]}}