{"id":89,"date":"2024-06-22T21:56:28","date_gmt":"2024-06-22T19:56:28","guid":{"rendered":"https:\/\/la-boulange.com\/?page_id=89"},"modified":"2026-02-25T21:11:10","modified_gmt":"2026-02-25T20:11:10","slug":"homepage","status":"publish","type":"page","link":"https:\/\/la-boulange.com\/","title":{"rendered":"Accueil"},"content":{"rendered":"\t\t<div data-elementor-type=\"wp-page\" data-elementor-id=\"89\" class=\"elementor elementor-89\">\n\t\t\t\t<div class=\"elementor-element elementor-element-2753456 e-flex e-con-boxed e-con e-parent\" data-id=\"2753456\" data-element_type=\"container\" data-e-type=\"container\">\n\t\t\t\t\t<div class=\"e-con-inner\">\n\t\t\t\t<div class=\"elementor-element elementor-element-ac85be5 elementor-invisible elementor-widget elementor-widget-heading\" data-id=\"ac85be5\" data-element_type=\"widget\" data-e-type=\"widget\" data-settings=\"{&quot;_animation&quot;:&quot;zoomIn&quot;}\" data-widget_type=\"heading.default\">\n\t\t\t\t<div class=\"elementor-widget-container\">\n\t\t\t\t\t<p class=\"elementor-heading-title elementor-size-default\">Bienvenue<\/p>\t\t\t\t<\/div>\n\t\t\t\t<\/div>\n\t\t\t\t\t<\/div>\n\t\t\t\t<\/div>\n\t\t<div class=\"elementor-element elementor-element-9df57c1 e-con-full e-flex e-con e-parent\" data-id=\"9df57c1\" data-element_type=\"container\" data-e-type=\"container\">\n\t\t\t\t<div class=\"elementor-element elementor-element-5d90db1 elementor-invisible elementor-widget elementor-widget-text-editor\" data-id=\"5d90db1\" data-element_type=\"widget\" data-e-type=\"widget\" data-settings=\"{&quot;_animation&quot;:&quot;bounceInUp&quot;}\" data-widget_type=\"text-editor.default\">\n\t\t\t\t<div class=\"elementor-widget-container\">\n\t\t\t\t\t\t\t\t\t<p>Votre Artisan boulanger install\u00e9 depuis 2001 \u00e0 Querrien, vous accueille dans sa nouvelle boulangerie et vous propose une large gamme de pains, viennoiseries, p\u00e2tisseries et snacking.<\/p><p>Nous vous accompagnons dans tous les \u00e9v\u00e8nements cl\u00e9s de l&rsquo;ann\u00e9e (P\u00e2ques, No\u00ebl, Jour de l&rsquo;an&#8230;) ainsi que vos \u00e9v\u00e9nements personnels (Bapt\u00eames, Mariages, Pacs, Anniversaires&#8230;) et vos \u00e9v\u00e8nements professionels et associatifs.<br \/><span style=\"color: var( --e-global-color-text ); font-family: var( --e-global-typography-text-font-family ), Sans-serif; font-weight: var( --e-global-typography-text-font-weight );\">N&rsquo;h\u00e9sitez pas \u00e0 nous consulter pour que nous fassions de vos f\u00eates une r\u00e9ussite.<\/span><\/p><p>Pour toujours vous satisfaire, nous mettons \u00e0 votre disposition un distributeur de pains, viennoiseries, bonbons&#8230; qui prend le relais \u00e0 la fermeture de la boulangerie 7\/7.<\/p>\t\t\t\t\t\t\t\t<\/div>\n\t\t\t\t<\/div>\n\t\t\t\t<\/div>\n\t\t<div class=\"elementor-element elementor-element-8fd3f5a e-flex e-con-boxed e-con e-parent\" data-id=\"8fd3f5a\" data-element_type=\"container\" data-e-type=\"container\">\n\t\t\t\t\t<div class=\"e-con-inner\">\n\t\t\t\t<div class=\"elementor-element elementor-element-64528a6 elementor-invisible elementor-widget elementor-widget-image\" data-id=\"64528a6\" data-element_type=\"widget\" data-e-type=\"widget\" data-settings=\"{&quot;_animation&quot;:&quot;fadeIn&quot;}\" data-widget_type=\"image.default\">\n\t\t\t\t<div class=\"elementor-widget-container\">\n\t\t\t\t\t\t\t\t\t\t\t\t\t\t\t<img fetchpriority=\"high\" decoding=\"async\" width=\"980\" height=\"397\" src=\"https:\/\/la-boulange.com\/wp-content\/uploads\/2024\/06\/Boulange-1024x415.jpg\" class=\"attachment-large size-large wp-image-191\" alt=\"\" srcset=\"https:\/\/la-boulange.com\/wp-content\/uploads\/2024\/06\/Boulange-1024x415.jpg 1024w, https:\/\/la-boulange.com\/wp-content\/uploads\/2024\/06\/Boulange-scaled-416x169.jpg 416w, https:\/\/la-boulange.com\/wp-content\/uploads\/2024\/06\/Boulange-300x122.jpg 300w, https:\/\/la-boulange.com\/wp-content\/uploads\/2024\/06\/Boulange-768x311.jpg 768w, https:\/\/la-boulange.com\/wp-content\/uploads\/2024\/06\/Boulange-1536x623.jpg 1536w, https:\/\/la-boulange.com\/wp-content\/uploads\/2024\/06\/Boulange-2048x830.jpg 2048w\" sizes=\"(max-width: 980px) 100vw, 980px\" \/>\t\t\t\t\t\t\t\t\t\t\t\t\t\t\t<\/div>\n\t\t\t\t<\/div>\n\t\t\t\t\t<\/div>\n\t\t\t\t<\/div>\n\t\t\t\t<\/div>\n\t\t","protected":false},"excerpt":{"rendered":"<p>Bienvenue Votre Artisan boulanger install\u00e9 depuis 2001 \u00e0 Querrien, vous accueille dans sa nouvelle boulangerie et vous propose une large gamme de pains, viennoiseries, p\u00e2tisseries et snacking. Nous vous accompagnons dans tous les \u00e9v\u00e8nements cl\u00e9s de l&rsquo;ann\u00e9e (P\u00e2ques, No\u00ebl, Jour de l&rsquo;an&#8230;) ainsi que vos \u00e9v\u00e9nements personnels (Bapt\u00eames, Mariages, Pacs, Anniversaires&#8230;) et vos \u00e9v\u00e8nements professionels [&hellip;]<\/p>\n","protected":false},"author":1,"featured_media":0,"parent":0,"menu_order":0,"comment_status":"closed","ping_status":"closed","template":"template-fullwidth.php","meta":{"footnotes":""},"class_list":["post-89","page","type-page","status-publish","hentry"],"jetpack_sharing_enabled":true,"_links":{"self":[{"href":"https:\/\/la-boulange.com\/index.php\/wp-json\/wp\/v2\/pages\/89","targetHints":{"allow":["GET"]}}],"collection":[{"href":"https:\/\/la-boulange.com\/index.php\/wp-json\/wp\/v2\/pages"}],"about":[{"href":"https:\/\/la-boulange.com\/index.php\/wp-json\/wp\/v2\/types\/page"}],"author":[{"embeddable":true,"href":"https:\/\/la-boulange.com\/index.php\/wp-json\/wp\/v2\/users\/1"}],"replies":[{"embeddable":true,"href":"https:\/\/la-boulange.com\/index.php\/wp-json\/wp\/v2\/comments?post=89"}],"version-history":[{"count":124,"href":"https:\/\/la-boulange.com\/index.php\/wp-json\/wp\/v2\/pages\/89\/revisions"}],"predecessor-version":[{"id":1185,"href":"https:\/\/la-boulange.com\/index.php\/wp-json\/wp\/v2\/pages\/89\/revisions\/1185"}],"wp:attachment":[{"href":"https:\/\/la-boulange.com\/index.php\/wp-json\/wp\/v2\/media?parent=89"}],"curies":[{"name":"wp","href":"https:\/\/api.w.org\/{rel}","templated":true}]}}